{"id":100,"date":"2020-11-08T13:23:23","date_gmt":"2020-11-08T12:23:23","guid":{"rendered":"http:\/\/ventedebois66.fr\/?page_id=100"},"modified":"2021-07-05T20:20:37","modified_gmt":"2021-07-05T18:20:37","slug":"entreprise","status":"publish","type":"page","link":"https:\/\/ventedebois66.fr\/","title":{"rendered":"Accueil"},"content":{"rendered":"\n<p>Bienvenue sur la page d&rsquo;accueil de la soci\u00e9t\u00e9 EARL BASCOU.<\/p>\n\n\n\n<p>Soci\u00e9t\u00e9 situ\u00e9e dans les Pyr\u00e9n\u00e9es Orientales :<\/p>\n\n\n\n<ul class=\"wp-block-list\"><li>entreprise d&rsquo;exploitation foresti\u00e8re \u00e0 taille humaine<\/li><li>privil\u00e9giant les circuits cours<\/li><li>maitrise de la silviculture de la production \u00e0 la livraison<\/li><li>respectueux de cycle de la nature<\/li><li>sp\u00e9cialis\u00e9 dans les bois de h\u00eatre et de fr\u00eane<\/li><\/ul>\n\n\n\n<figure class=\"wp-block-image size-large is-resized\"><img loading=\"lazy\" decoding=\"async\" src=\"https:\/\/ventedebois66.fr\/wp-content\/uploads\/2020\/11\/logo-earl-icone.png\" alt=\"\" class=\"wp-image-138\" width=\"161\" height=\"161\" srcset=\"https:\/\/ventedebois66.fr\/wp-content\/uploads\/2020\/11\/logo-earl-icone.png 512w, https:\/\/ventedebois66.fr\/wp-content\/uploads\/2020\/11\/logo-earl-icone-300x300.png 300w, https:\/\/ventedebois66.fr\/wp-content\/uploads\/2020\/11\/logo-earl-icone-150x150.png 150w\" sizes=\"auto, (max-width: 161px) 100vw, 161px\" \/><\/figure>\n","protected":false},"excerpt":{"rendered":"<p>Bienvenue sur la page d&rsquo;accueil de la soci\u00e9t\u00e9 EARL BASCOU. Soci\u00e9t\u00e9 situ\u00e9e dans les Pyr\u00e9n\u00e9es Orientales : entreprise d&rsquo;exploitation foresti\u00e8re \u00e0 taille humaine privil\u00e9giant les circuits cours maitrise de la silviculture de la production \u00e0 la livraison respectueux de cycle de la nature sp\u00e9cialis\u00e9 dans les bois de h\u00eatre et [&hellip;]<\/p>\n","protected":false},"author":1,"featured_media":11,"parent":0,"menu_order":0,"comment_status":"closed","ping_status":"closed","template":"","meta":{"_uag_custom_page_level_css":"","footnotes":""},"class_list":["post-100","page","type-page","status-publish","has-post-thumbnail","hentry"],"uagb_featured_image_src":{"full":["https:\/\/ventedebois66.fr\/wp-content\/uploads\/2020\/08\/20200326_1251341-scaled.jpg",2560,1058,false],"thumbnail":["https:\/\/ventedebois66.fr\/wp-content\/uploads\/2020\/08\/20200326_1251341-150x150.jpg",150,150,true],"medium":["https:\/\/ventedebois66.fr\/wp-content\/uploads\/2020\/08\/20200326_1251341-300x124.jpg",300,124,true],"medium_large":["https:\/\/ventedebois66.fr\/wp-content\/uploads\/2020\/08\/20200326_1251341-768x317.jpg",750,310,true],"large":["https:\/\/ventedebois66.fr\/wp-content\/uploads\/2020\/08\/20200326_1251341-1024x423.jpg",750,310,true],"1536x1536":["https:\/\/ventedebois66.fr\/wp-content\/uploads\/2020\/08\/20200326_1251341-1536x635.jpg",1536,635,true],"2048x2048":["https:\/\/ventedebois66.fr\/wp-content\/uploads\/2020\/08\/20200326_1251341-2048x846.jpg",2048,846,true],"hestia-blog":["https:\/\/ventedebois66.fr\/wp-content\/uploads\/2020\/08\/20200326_1251341-scaled.jpg",360,149,false]},"uagb_author_info":{"display_name":"admin5406","author_link":"https:\/\/ventedebois66.fr\/?author=1"},"uagb_comment_info":0,"uagb_excerpt":"Bienvenue sur la page d&rsquo;accueil de la soci\u00e9t\u00e9 EARL BASCOU. Soci\u00e9t\u00e9 situ\u00e9e dans les Pyr\u00e9n\u00e9es Orientales : entreprise d&rsquo;exploitation foresti\u00e8re \u00e0 taille humaine privil\u00e9giant les circuits cours maitrise de la silviculture de la production \u00e0 la livraison respectueux de cycle de la nature sp\u00e9cialis\u00e9 dans les bois de h\u00eatre et [&hellip;]","yoast_head":"<!-- This site is optimized with the Yoast SEO plugin v15.3 - https:\/\/yoast.com\/wordpress\/plugins\/seo\/ -->\n<title>Entreprise - E.A.R.L BASCOU<\/title>\n<meta name=\"description\" content=\"Entreprise de vente de bois de chauffage sur les Pyr\u00e9n\u00e9es Orientales\" \/>\n<meta name=\"robots\" content=\"index, follow, max-snippet:-1, max-image-preview:large, max-video-preview:-1\" \/>\n<link rel=\"canonical\" href=\"https:\/\/ventedebois66.fr\/\" \/>\n<meta property=\"og:locale\" content=\"fr_FR\" \/>\n<meta property=\"og:type\" content=\"article\" \/>\n<meta property=\"og:title\" content=\"Entreprise - E.A.R.L BASCOU\" \/>\n<meta property=\"og:description\" content=\"Entreprise de vente de bois de chauffage sur les Pyr\u00e9n\u00e9es Orientales\" \/>\n<meta property=\"og:url\" content=\"https:\/\/ventedebois66.fr\/\" \/>\n<meta property=\"og:site_name\" content=\"E.A.R.L BASCOU\" \/>\n<meta property=\"article:modified_time\" content=\"2021-07-05T18:20:37+00:00\" \/>\n<meta property=\"og:image\" content=\"https:\/\/ventedebois66.fr\/wp-content\/uploads\/2020\/08\/20200326_1251341-scaled.jpg\" \/>\n\t<meta property=\"og:image:width\" content=\"2560\" \/>\n\t<meta property=\"og:image:height\" content=\"1058\" \/>\n<meta name=\"twitter:card\" content=\"summary_large_image\" \/>\n<meta name=\"twitter:label1\" content=\"\u00c9crit par\">\n\t<meta name=\"twitter:data1\" content=\"admin5406\">\n\t<meta name=\"twitter:label2\" content=\"Dur\u00e9e de lecture est.\">\n\t<meta name=\"twitter:data2\" content=\"0 minute\">\n<script type=\"application\/ld+json\" class=\"yoast-schema-graph\">{\"@context\":\"https:\/\/schema.org\",\"@graph\":[{\"@type\":\"Organization\",\"@id\":\"https:\/\/ventedebois66.fr\/#organization\",\"name\":\"EARL Bacou\",\"url\":\"https:\/\/ventedebois66.fr\/\",\"sameAs\":[],\"logo\":{\"@type\":\"ImageObject\",\"@id\":\"https:\/\/ventedebois66.fr\/#logo\",\"inLanguage\":\"fr-FR\",\"url\":\"https:\/\/ventedebois66.fr\/wp-content\/uploads\/2020\/11\/logo-earl-icone.png\",\"width\":512,\"height\":512,\"caption\":\"EARL Bacou\"},\"image\":{\"@id\":\"https:\/\/ventedebois66.fr\/#logo\"}},{\"@type\":\"WebSite\",\"@id\":\"https:\/\/ventedebois66.fr\/#website\",\"url\":\"https:\/\/ventedebois66.fr\/\",\"name\":\"E.A.R.L BASCOU\",\"description\":\"\",\"publisher\":{\"@id\":\"https:\/\/ventedebois66.fr\/#organization\"},\"potentialAction\":[{\"@type\":\"SearchAction\",\"target\":\"https:\/\/ventedebois66.fr\/?s={search_term_string}\",\"query-input\":\"required name=search_term_string\"}],\"inLanguage\":\"fr-FR\"},{\"@type\":\"ImageObject\",\"@id\":\"https:\/\/ventedebois66.fr\/#primaryimage\",\"inLanguage\":\"fr-FR\",\"url\":\"https:\/\/ventedebois66.fr\/wp-content\/uploads\/2020\/08\/20200326_1251341-scaled.jpg\",\"width\":2560,\"height\":1058,\"caption\":\"Foret_accuueil\"},{\"@type\":\"WebPage\",\"@id\":\"https:\/\/ventedebois66.fr\/#webpage\",\"url\":\"https:\/\/ventedebois66.fr\/\",\"name\":\"Entreprise - E.A.R.L BASCOU\",\"isPartOf\":{\"@id\":\"https:\/\/ventedebois66.fr\/#website\"},\"primaryImageOfPage\":{\"@id\":\"https:\/\/ventedebois66.fr\/#primaryimage\"},\"datePublished\":\"2020-11-08T12:23:23+00:00\",\"dateModified\":\"2021-07-05T18:20:37+00:00\",\"description\":\"Entreprise de vente de bois de chauffage sur les Pyr\\u00e9n\\u00e9es Orientales\",\"breadcrumb\":{\"@id\":\"https:\/\/ventedebois66.fr\/#breadcrumb\"},\"inLanguage\":\"fr-FR\",\"potentialAction\":[{\"@type\":\"ReadAction\",\"target\":[\"https:\/\/ventedebois66.fr\/\"]}]},{\"@type\":\"BreadcrumbList\",\"@id\":\"https:\/\/ventedebois66.fr\/#breadcrumb\",\"itemListElement\":[{\"@type\":\"ListItem\",\"position\":1,\"item\":{\"@type\":\"WebPage\",\"@id\":\"https:\/\/ventedebois66.fr\/\",\"url\":\"https:\/\/ventedebois66.fr\/\",\"name\":\"Accueil\"}},{\"@type\":\"ListItem\",\"position\":2,\"item\":{\"@type\":\"WebPage\",\"@id\":\"https:\/\/ventedebois66.fr\/\",\"url\":\"https:\/\/ventedebois66.fr\/\",\"name\":\"Accueil\"}}]}]}<\/script>\n<!-- \/ Yoast SEO plugin. -->","_links":{"self":[{"href":"https:\/\/ventedebois66.fr\/index.php?rest_route=\/wp\/v2\/pages\/100","targetHints":{"allow":["GET"]}}],"collection":[{"href":"https:\/\/ventedebois66.fr\/index.php?rest_route=\/wp\/v2\/pages"}],"about":[{"href":"https:\/\/ventedebois66.fr\/index.php?rest_route=\/wp\/v2\/types\/page"}],"author":[{"embeddable":true,"href":"https:\/\/ventedebois66.fr\/index.php?rest_route=\/wp\/v2\/users\/1"}],"replies":[{"embeddable":true,"href":"https:\/\/ventedebois66.fr\/index.php?rest_route=%2Fwp%2Fv2%2Fcomments&post=100"}],"version-history":[{"count":9,"href":"https:\/\/ventedebois66.fr\/index.php?rest_route=\/wp\/v2\/pages\/100\/revisions"}],"predecessor-version":[{"id":192,"href":"https:\/\/ventedebois66.fr\/index.php?rest_route=\/wp\/v2\/pages\/100\/revisions\/192"}],"wp:featuredmedia":[{"embeddable":true,"href":"https:\/\/ventedebois66.fr\/index.php?rest_route=\/wp\/v2\/media\/11"}],"wp:attachment":[{"href":"https:\/\/ventedebois66.fr\/index.php?rest_route=%2Fwp%2Fv2%2Fmedia&parent=100"}],"curies":[{"name":"wp","href":"https:\/\/api.w.org\/{rel}","templated":true}]}}