{"id":19,"date":"2020-08-18T10:32:16","date_gmt":"2020-08-18T08:32:16","guid":{"rendered":"http:\/\/ventedebois66.fr\/?page_id=19"},"modified":"2020-11-29T12:02:48","modified_gmt":"2020-11-29T11:02:48","slug":"les-avantages-du-hetre","status":"publish","type":"page","link":"https:\/\/ventedebois66.fr\/?page_id=19","title":{"rendered":"Le bois de h\u00eatre et de fr\u00eane"},"content":{"rendered":"\n<p>Les bois de h\u00eatre et de fr\u00eane, ont une croissance et une r\u00e9g\u00e9n\u00e9ration extr\u00eamement importante dans les for\u00eats.<\/p>\n\n\n\n<ul class=\"wp-block-list\"><li><strong>Le H\u00eatre : <\/strong> Il est consid\u00e9r\u00e9 comme le bois de chauffage id\u00e9al car il donne une belle flamme et une bonne braise, presque sans \u00e9tincelle. Il a en outre un tr\u00e8s haut pouvoir calorifique. L&rsquo;apport \u00e9nerg\u00e9tique calorifique du bois de h\u00eatre est souvent cit\u00e9 comme r\u00e9f\u00e9rence par rapport \u00e0 d&rsquo;autres bois.<\/li><li><strong>Le Fr\u00eane :<\/strong> Il est un bois dense et id\u00e9al pour le chauffage. A d\u00e9faut d&rsquo;\u00eatre utilis\u00e9 dans ses diff\u00e9rentes applications, le fr\u00eane est \u00e9galement un excellent bois de chauffage. Class\u00e9 G1 comme le h\u00eatre, il br\u00fblera longtemps en produisant beaucoup de chaleur.<\/li><\/ul>\n\n\n\n<p>Ce sont des bois \u00e0 s\u00e9chage rapide s&rsquo;ils sont entrepros\u00e9s dans un endroit sec et ventil\u00e9.<\/p>\n\n\n\n<p>Vous trouverez plus d&rsquo;informations sur le pouvoir calorifique des bois <a href=\"https:\/\/www.hsfrance.com\/wp-content\/uploads\/2018\/07\/tableau-choisir-son-bois.png\">ici<\/a>.<\/p>\n\n\n\n<p><\/p>\n","protected":false},"excerpt":{"rendered":"<p>Les bois de h\u00eatre et de fr\u00eane, ont une croissance et une r\u00e9g\u00e9n\u00e9ration extr\u00eamement importante dans les for\u00eats. Le H\u00eatre : Il est consid\u00e9r\u00e9 comme le bois de chauffage id\u00e9al car il donne une belle flamme et une bonne braise, presque sans \u00e9tincelle. Il a en outre un tr\u00e8s haut [&hellip;]<\/p>\n","protected":false},"author":1,"featured_media":0,"parent":0,"menu_order":0,"comment_status":"closed","ping_status":"closed","template":"","meta":{"_uag_custom_page_level_css":"","footnotes":""},"class_list":["post-19","page","type-page","status-publish","hentry"],"uagb_featured_image_src":{"full":false,"thumbnail":false,"medium":false,"medium_large":false,"large":false,"1536x1536":false,"2048x2048":false,"hestia-blog":false},"uagb_author_info":{"display_name":"admin5406","author_link":"https:\/\/ventedebois66.fr\/?author=1"},"uagb_comment_info":0,"uagb_excerpt":"Les bois de h\u00eatre et de fr\u00eane, ont une croissance et une r\u00e9g\u00e9n\u00e9ration extr\u00eamement importante dans les for\u00eats. Le H\u00eatre : Il est consid\u00e9r\u00e9 comme le bois de chauffage id\u00e9al car il donne une belle flamme et une bonne braise, presque sans \u00e9tincelle. Il a en outre un tr\u00e8s haut [&hellip;]","yoast_head":"<!-- This site is optimized with the Yoast SEO plugin v15.3 - https:\/\/yoast.com\/wordpress\/plugins\/seo\/ -->\n<title>Le bois de h\u00eatre et de fr\u00eane - E.A.R.L BASCOU<\/title>\n<meta name=\"robots\" content=\"index, follow, max-snippet:-1, max-image-preview:large, max-video-preview:-1\" \/>\n<link rel=\"canonical\" href=\"https:\/\/ventedebois66.fr\/?page_id=19\" \/>\n<meta property=\"og:locale\" content=\"fr_FR\" \/>\n<meta property=\"og:type\" content=\"article\" \/>\n<meta property=\"og:title\" content=\"Le bois de h\u00eatre et de fr\u00eane - E.A.R.L BASCOU\" \/>\n<meta property=\"og:description\" content=\"Les bois de h\u00eatre et de fr\u00eane, ont une croissance et une r\u00e9g\u00e9n\u00e9ration extr\u00eamement importante dans les for\u00eats. Le H\u00eatre : Il est consid\u00e9r\u00e9 comme le bois de chauffage id\u00e9al car il donne une belle flamme et une bonne braise, presque sans \u00e9tincelle. Il a en outre un tr\u00e8s haut [&hellip;]\" \/>\n<meta property=\"og:url\" content=\"https:\/\/ventedebois66.fr\/?page_id=19\" \/>\n<meta property=\"og:site_name\" content=\"E.A.R.L BASCOU\" \/>\n<meta property=\"article:modified_time\" content=\"2020-11-29T11:02:48+00:00\" \/>\n<meta name=\"twitter:card\" content=\"summary_large_image\" \/>\n<meta name=\"twitter:label1\" content=\"\u00c9crit par\">\n\t<meta name=\"twitter:data1\" content=\"admin5406\">\n\t<meta name=\"twitter:label2\" content=\"Dur\u00e9e de lecture est.\">\n\t<meta name=\"twitter:data2\" content=\"1 minute\">\n<script type=\"application\/ld+json\" class=\"yoast-schema-graph\">{\"@context\":\"https:\/\/schema.org\",\"@graph\":[{\"@type\":\"Organization\",\"@id\":\"https:\/\/ventedebois66.fr\/#organization\",\"name\":\"EARL Bacou\",\"url\":\"https:\/\/ventedebois66.fr\/\",\"sameAs\":[],\"logo\":{\"@type\":\"ImageObject\",\"@id\":\"https:\/\/ventedebois66.fr\/#logo\",\"inLanguage\":\"fr-FR\",\"url\":\"https:\/\/ventedebois66.fr\/wp-content\/uploads\/2020\/11\/logo-earl-icone.png\",\"width\":512,\"height\":512,\"caption\":\"EARL Bacou\"},\"image\":{\"@id\":\"https:\/\/ventedebois66.fr\/#logo\"}},{\"@type\":\"WebSite\",\"@id\":\"https:\/\/ventedebois66.fr\/#website\",\"url\":\"https:\/\/ventedebois66.fr\/\",\"name\":\"E.A.R.L BASCOU\",\"description\":\"\",\"publisher\":{\"@id\":\"https:\/\/ventedebois66.fr\/#organization\"},\"potentialAction\":[{\"@type\":\"SearchAction\",\"target\":\"https:\/\/ventedebois66.fr\/?s={search_term_string}\",\"query-input\":\"required name=search_term_string\"}],\"inLanguage\":\"fr-FR\"},{\"@type\":\"WebPage\",\"@id\":\"https:\/\/ventedebois66.fr\/?page_id=19#webpage\",\"url\":\"https:\/\/ventedebois66.fr\/?page_id=19\",\"name\":\"Le bois de h\\u00eatre et de fr\\u00eane - E.A.R.L BASCOU\",\"isPartOf\":{\"@id\":\"https:\/\/ventedebois66.fr\/#website\"},\"datePublished\":\"2020-08-18T08:32:16+00:00\",\"dateModified\":\"2020-11-29T11:02:48+00:00\",\"breadcrumb\":{\"@id\":\"https:\/\/ventedebois66.fr\/?page_id=19#breadcrumb\"},\"inLanguage\":\"fr-FR\",\"potentialAction\":[{\"@type\":\"ReadAction\",\"target\":[\"https:\/\/ventedebois66.fr\/?page_id=19\"]}]},{\"@type\":\"BreadcrumbList\",\"@id\":\"https:\/\/ventedebois66.fr\/?page_id=19#breadcrumb\",\"itemListElement\":[{\"@type\":\"ListItem\",\"position\":1,\"item\":{\"@type\":\"WebPage\",\"@id\":\"https:\/\/ventedebois66.fr\/\",\"url\":\"https:\/\/ventedebois66.fr\/\",\"name\":\"Accueil\"}},{\"@type\":\"ListItem\",\"position\":2,\"item\":{\"@type\":\"WebPage\",\"@id\":\"https:\/\/ventedebois66.fr\/?page_id=19\",\"url\":\"https:\/\/ventedebois66.fr\/?page_id=19\",\"name\":\"Le bois de h\\u00eatre et de fr\\u00eane\"}}]}]}<\/script>\n<!-- \/ Yoast SEO plugin. -->","_links":{"self":[{"href":"https:\/\/ventedebois66.fr\/index.php?rest_route=\/wp\/v2\/pages\/19","targetHints":{"allow":["GET"]}}],"collection":[{"href":"https:\/\/ventedebois66.fr\/index.php?rest_route=\/wp\/v2\/pages"}],"about":[{"href":"https:\/\/ventedebois66.fr\/index.php?rest_route=\/wp\/v2\/types\/page"}],"author":[{"embeddable":true,"href":"https:\/\/ventedebois66.fr\/index.php?rest_route=\/wp\/v2\/users\/1"}],"replies":[{"embeddable":true,"href":"https:\/\/ventedebois66.fr\/index.php?rest_route=%2Fwp%2Fv2%2Fcomments&post=19"}],"version-history":[{"count":9,"href":"https:\/\/ventedebois66.fr\/index.php?rest_route=\/wp\/v2\/pages\/19\/revisions"}],"predecessor-version":[{"id":137,"href":"https:\/\/ventedebois66.fr\/index.php?rest_route=\/wp\/v2\/pages\/19\/revisions\/137"}],"wp:attachment":[{"href":"https:\/\/ventedebois66.fr\/index.php?rest_route=%2Fwp%2Fv2%2Fmedia&parent=19"}],"curies":[{"name":"wp","href":"https:\/\/api.w.org\/{rel}","templated":true}]}}