{"id":2,"date":"2020-08-14T11:23:17","date_gmt":"2020-08-14T09:23:17","guid":{"rendered":"http:\/\/ventedebois66.fr\/?page_id=2"},"modified":"2020-12-01T18:33:15","modified_gmt":"2020-12-01T17:33:15","slug":"page-d-exemple","status":"publish","type":"page","link":"https:\/\/ventedebois66.fr\/?page_id=2","title":{"rendered":"L&rsquo;entreprise"},"content":{"rendered":"\n<div class=\"wp-block-group\"><div class=\"wp-block-group__inner-container is-layout-flow wp-block-group-is-layout-flow\">\n<p style=\"font-size:18px\"><span class=\"has-inline-color has-black-color\"><strong>1991 &#8211; <\/strong>Achat d&rsquo;une propri\u00e9t\u00e9 foresti\u00e8re peupl\u00e9e de h\u00eatre et de fr\u00eane, nich\u00e9 au fin font du Vallespir dans un \u00e9crin de verdure, sur la petite commune de Laman\u00e8re.                                                                                     Mon p\u00e8re fait ces premiers pas en tant que propri\u00e9taire forestier. Nouveau m\u00e9tier, nouvelle vie plus proche de cette nature qui l&rsquo;attire et l\u2019\u00e9merveille chaque jours.<\/span> <\/p>\n\n\n\n<p><\/p>\n<\/div><\/div>\n\n\n\n<div class=\"wp-block-group\"><div class=\"wp-block-group__inner-container is-layout-flow wp-block-group-is-layout-flow\">\n<p style=\"font-size:18px\"><strong><span class=\"has-inline-color has-black-color\">1992 &#8211; <\/span><\/strong><span class=\"has-inline-color has-black-color\">Je suis les pas de mon p\u00e8re, je rentre \u00e0 mon tour dans cette aventure, cette for\u00eat nous fascine, la faune et la flore sont tr\u00e8s pr\u00e9sentes (chevreuil, Isard, sanglier,&#8230;).                                                                             Mes deux r\u00f4les dans l&rsquo;entreprise consistent \u00e0 l&rsquo;exploitation du bois en journ\u00e9e, puis \u00e0 la livraison en d\u00e9but de soir\u00e9e.                                                            Mon p\u00e8re s&rsquo;occupe du service client\u00e8le ainsi que du travail forestier.<\/span><\/p>\n\n\n\n<p><\/p>\n<\/div><\/div>\n\n\n\n<div class=\"wp-block-group\"><div class=\"wp-block-group__inner-container is-layout-flow wp-block-group-is-layout-flow\">\n<div class=\"wp-block-group\"><div class=\"wp-block-group__inner-container is-layout-flow wp-block-group-is-layout-flow\">\n<div class=\"wp-block-group\"><div class=\"wp-block-group__inner-container is-layout-flow wp-block-group-is-layout-flow\">\n<div class=\"wp-block-group\"><div class=\"wp-block-group__inner-container is-layout-flow wp-block-group-is-layout-flow\">\n<p style=\"font-size:18px\"><strong><span class=\"has-inline-color has-black-color\">2009 &#8211; <\/span><\/strong><span class=\"has-inline-color has-black-color\">Les ann\u00e9es sont pass\u00e9es vite, mon p\u00e8re nous passe le relais mais reste une pi\u00e8ce ma\u00eetresse de cette entreprise. Il est la voix  que nos clients appr\u00e9cient.                                                                                                            Mon fr\u00e8re et moi cr\u00e9ons  la soci\u00e9t\u00e9 E.A.R.L BASCOU.<\/span><\/p>\n\n\n\n<p style=\"font-size:18px\"><strong><span class=\"has-inline-color has-black-color\">2011 &#8211; <\/span><\/strong><span class=\"has-inline-color has-black-color\">Mon fr\u00e8re part pour de nouvelles aventures. Je deviens l&rsquo;unique g\u00e9rant de la soci\u00e9t\u00e9 et m&rsquo;occupe de la gestion client\u00e8le, de l&rsquo;abatage et de la coupe du bois ainsi que de la vente \u00e0 domicile.<\/span><\/p>\n<\/div><\/div>\n\n\n\n<p style=\"font-size:18px\"><strong><span class=\"has-inline-color has-black-color\">2020 &#8211;<\/span><\/strong><span class=\"has-inline-color has-black-color\"> Modernisation de la soci\u00e9t\u00e9 avec la cr\u00e9ation du site internet, le r\u00e9f\u00e9rencement Google ainsi que l&rsquo;ajout de notre logo.<\/span><\/p>\n<\/div><\/div>\n\n\n\n<div class=\"wp-block-image\"><figure class=\"aligncenter size-large is-resized\"><img loading=\"lazy\" decoding=\"async\" src=\"https:\/\/ventedebois66.fr\/wp-content\/uploads\/2020\/11\/logo-earl-icone.png\" alt=\"\" class=\"wp-image-138\" width=\"148\" height=\"148\" srcset=\"https:\/\/ventedebois66.fr\/wp-content\/uploads\/2020\/11\/logo-earl-icone.png 512w, https:\/\/ventedebois66.fr\/wp-content\/uploads\/2020\/11\/logo-earl-icone-300x300.png 300w, https:\/\/ventedebois66.fr\/wp-content\/uploads\/2020\/11\/logo-earl-icone-150x150.png 150w\" sizes=\"auto, (max-width: 148px) 100vw, 148px\" \/><\/figure><\/div>\n<\/div><\/div>\n<\/div><\/div>\n\n\n\n<p><\/p>\n","protected":false},"excerpt":{"rendered":"<p>1991 &#8211; Achat d&rsquo;une propri\u00e9t\u00e9 foresti\u00e8re peupl\u00e9e de h\u00eatre et de fr\u00eane, nich\u00e9 au fin font du Vallespir dans un \u00e9crin de verdure, sur la petite commune de Laman\u00e8re. Mon p\u00e8re fait ces premiers pas en tant que propri\u00e9taire forestier. Nouveau m\u00e9tier, nouvelle vie plus proche de cette nature qui [&hellip;]<\/p>\n","protected":false},"author":1,"featured_media":0,"parent":0,"menu_order":0,"comment_status":"closed","ping_status":"open","template":"","meta":{"_uag_custom_page_level_css":"","footnotes":""},"class_list":["post-2","page","type-page","status-publish","hentry"],"uagb_featured_image_src":{"full":false,"thumbnail":false,"medium":false,"medium_large":false,"large":false,"1536x1536":false,"2048x2048":false,"hestia-blog":false},"uagb_author_info":{"display_name":"admin5406","author_link":"https:\/\/ventedebois66.fr\/?author=1"},"uagb_comment_info":0,"uagb_excerpt":"1991 &#8211; Achat d&rsquo;une propri\u00e9t\u00e9 foresti\u00e8re peupl\u00e9e de h\u00eatre et de fr\u00eane, nich\u00e9 au fin font du Vallespir dans un \u00e9crin de verdure, sur la petite commune de Laman\u00e8re. Mon p\u00e8re fait ces premiers pas en tant que propri\u00e9taire forestier. Nouveau m\u00e9tier, nouvelle vie plus proche de cette nature qui [&hellip;]","yoast_head":"<!-- This site is optimized with the Yoast SEO plugin v15.3 - https:\/\/yoast.com\/wordpress\/plugins\/seo\/ -->\n<title>L&#039;entreprise - E.A.R.L BASCOU<\/title>\n<meta name=\"robots\" content=\"index, follow, max-snippet:-1, max-image-preview:large, max-video-preview:-1\" \/>\n<link rel=\"canonical\" href=\"https:\/\/ventedebois66.fr\/?page_id=2\" \/>\n<meta property=\"og:locale\" content=\"fr_FR\" \/>\n<meta property=\"og:type\" content=\"article\" \/>\n<meta property=\"og:title\" content=\"L&#039;entreprise - E.A.R.L BASCOU\" \/>\n<meta property=\"og:description\" content=\"1991 &#8211; Achat d&rsquo;une propri\u00e9t\u00e9 foresti\u00e8re peupl\u00e9e de h\u00eatre et de fr\u00eane, nich\u00e9 au fin font du Vallespir dans un \u00e9crin de verdure, sur la petite commune de Laman\u00e8re. Mon p\u00e8re fait ces premiers pas en tant que propri\u00e9taire forestier. Nouveau m\u00e9tier, nouvelle vie plus proche de cette nature qui [&hellip;]\" \/>\n<meta property=\"og:url\" content=\"https:\/\/ventedebois66.fr\/?page_id=2\" \/>\n<meta property=\"og:site_name\" content=\"E.A.R.L BASCOU\" \/>\n<meta property=\"article:modified_time\" content=\"2020-12-01T17:33:15+00:00\" \/>\n<meta property=\"og:image\" content=\"https:\/\/ventedebois66.fr\/wp-content\/uploads\/2020\/11\/logo-earl-icone.png\" \/>\n<meta name=\"twitter:card\" content=\"summary_large_image\" \/>\n<meta name=\"twitter:label1\" content=\"\u00c9crit par\">\n\t<meta name=\"twitter:data1\" content=\"admin5406\">\n\t<meta name=\"twitter:label2\" content=\"Dur\u00e9e de lecture est.\">\n\t<meta name=\"twitter:data2\" content=\"1 minute\">\n<script type=\"application\/ld+json\" class=\"yoast-schema-graph\">{\"@context\":\"https:\/\/schema.org\",\"@graph\":[{\"@type\":\"Organization\",\"@id\":\"https:\/\/ventedebois66.fr\/#organization\",\"name\":\"EARL Bacou\",\"url\":\"https:\/\/ventedebois66.fr\/\",\"sameAs\":[],\"logo\":{\"@type\":\"ImageObject\",\"@id\":\"https:\/\/ventedebois66.fr\/#logo\",\"inLanguage\":\"fr-FR\",\"url\":\"https:\/\/ventedebois66.fr\/wp-content\/uploads\/2020\/11\/logo-earl-icone.png\",\"width\":512,\"height\":512,\"caption\":\"EARL Bacou\"},\"image\":{\"@id\":\"https:\/\/ventedebois66.fr\/#logo\"}},{\"@type\":\"WebSite\",\"@id\":\"https:\/\/ventedebois66.fr\/#website\",\"url\":\"https:\/\/ventedebois66.fr\/\",\"name\":\"E.A.R.L BASCOU\",\"description\":\"\",\"publisher\":{\"@id\":\"https:\/\/ventedebois66.fr\/#organization\"},\"potentialAction\":[{\"@type\":\"SearchAction\",\"target\":\"https:\/\/ventedebois66.fr\/?s={search_term_string}\",\"query-input\":\"required name=search_term_string\"}],\"inLanguage\":\"fr-FR\"},{\"@type\":\"ImageObject\",\"@id\":\"https:\/\/ventedebois66.fr\/?page_id=2#primaryimage\",\"inLanguage\":\"fr-FR\",\"url\":\"https:\/\/ventedebois66.fr\/wp-content\/uploads\/2020\/11\/logo-earl-icone.png\",\"width\":512,\"height\":512},{\"@type\":\"WebPage\",\"@id\":\"https:\/\/ventedebois66.fr\/?page_id=2#webpage\",\"url\":\"https:\/\/ventedebois66.fr\/?page_id=2\",\"name\":\"L'entreprise - E.A.R.L BASCOU\",\"isPartOf\":{\"@id\":\"https:\/\/ventedebois66.fr\/#website\"},\"primaryImageOfPage\":{\"@id\":\"https:\/\/ventedebois66.fr\/?page_id=2#primaryimage\"},\"datePublished\":\"2020-08-14T09:23:17+00:00\",\"dateModified\":\"2020-12-01T17:33:15+00:00\",\"breadcrumb\":{\"@id\":\"https:\/\/ventedebois66.fr\/?page_id=2#breadcrumb\"},\"inLanguage\":\"fr-FR\",\"potentialAction\":[{\"@type\":\"ReadAction\",\"target\":[\"https:\/\/ventedebois66.fr\/?page_id=2\"]}]},{\"@type\":\"BreadcrumbList\",\"@id\":\"https:\/\/ventedebois66.fr\/?page_id=2#breadcrumb\",\"itemListElement\":[{\"@type\":\"ListItem\",\"position\":1,\"item\":{\"@type\":\"WebPage\",\"@id\":\"https:\/\/ventedebois66.fr\/\",\"url\":\"https:\/\/ventedebois66.fr\/\",\"name\":\"Accueil\"}},{\"@type\":\"ListItem\",\"position\":2,\"item\":{\"@type\":\"WebPage\",\"@id\":\"https:\/\/ventedebois66.fr\/?page_id=2\",\"url\":\"https:\/\/ventedebois66.fr\/?page_id=2\",\"name\":\"L&rsquo;entreprise\"}}]}]}<\/script>\n<!-- \/ Yoast SEO plugin. -->","_links":{"self":[{"href":"https:\/\/ventedebois66.fr\/index.php?rest_route=\/wp\/v2\/pages\/2","targetHints":{"allow":["GET"]}}],"collection":[{"href":"https:\/\/ventedebois66.fr\/index.php?rest_route=\/wp\/v2\/pages"}],"about":[{"href":"https:\/\/ventedebois66.fr\/index.php?rest_route=\/wp\/v2\/types\/page"}],"author":[{"embeddable":true,"href":"https:\/\/ventedebois66.fr\/index.php?rest_route=\/wp\/v2\/users\/1"}],"replies":[{"embeddable":true,"href":"https:\/\/ventedebois66.fr\/index.php?rest_route=%2Fwp%2Fv2%2Fcomments&post=2"}],"version-history":[{"count":49,"href":"https:\/\/ventedebois66.fr\/index.php?rest_route=\/wp\/v2\/pages\/2\/revisions"}],"predecessor-version":[{"id":180,"href":"https:\/\/ventedebois66.fr\/index.php?rest_route=\/wp\/v2\/pages\/2\/revisions\/180"}],"wp:attachment":[{"href":"https:\/\/ventedebois66.fr\/index.php?rest_route=%2Fwp%2Fv2%2Fmedia&parent=2"}],"curies":[{"name":"wp","href":"https:\/\/api.w.org\/{rel}","templated":true}]}}