{"id":82,"date":"2020-11-08T11:50:09","date_gmt":"2020-11-08T10:50:09","guid":{"rendered":"http:\/\/ventedebois66.fr\/?page_id=82"},"modified":"2026-03-29T12:48:00","modified_gmt":"2026-03-29T10:48:00","slug":"tarifs","status":"publish","type":"page","link":"https:\/\/ventedebois66.fr\/?page_id=82","title":{"rendered":"Tarifs"},"content":{"rendered":"\n<p>Bois \u00e0 finir de s\u00e9cher<\/p>\n\n\n\n<figure class=\"wp-block-image size-full\"><img loading=\"lazy\" decoding=\"async\" width=\"886\" height=\"297\" src=\"https:\/\/ventedebois66.fr\/wp-content\/uploads\/2026\/03\/image.png\" alt=\"\" class=\"wp-image-221\" srcset=\"https:\/\/ventedebois66.fr\/wp-content\/uploads\/2026\/03\/image.png 886w, https:\/\/ventedebois66.fr\/wp-content\/uploads\/2026\/03\/image-300x101.png 300w, https:\/\/ventedebois66.fr\/wp-content\/uploads\/2026\/03\/image-768x257.png 768w\" sizes=\"auto, (max-width: 886px) 100vw, 886px\" \/><\/figure>\n\n\n\n<p class=\"has-text-color has-normal-font-size\" style=\"color:#ff0004\"><strong>Livraison gratuite<\/strong><\/p>\n\n\n\n<p class=\"has-black-color has-text-color has-normal-font-size\">Minimum de livraison : <strong>4 st\u00e8res<\/strong><\/p>\n\n\n\n<p class=\"has-black-color has-text-color has-normal-font-size\">Prix affich\u00e9s TTC<\/p>\n\n\n\n<p>Contr\u00f4le du volume des st\u00e8res disponible <a href=\"https:\/\/www.ufc-quechoisir-var-est.org\/achat-livraison-bois-chauffage\">ici<\/a>.<\/p>\n","protected":false},"excerpt":{"rendered":"<p>Bois \u00e0 finir de s\u00e9cher Livraison gratuite Minimum de livraison : 4 st\u00e8res Prix affich\u00e9s TTC Contr\u00f4le du volume des st\u00e8res disponible ici.<\/p>\n","protected":false},"author":1,"featured_media":0,"parent":0,"menu_order":0,"comment_status":"closed","ping_status":"closed","template":"","meta":{"_uag_custom_page_level_css":"","footnotes":""},"class_list":["post-82","page","type-page","status-publish","hentry"],"uagb_featured_image_src":{"full":false,"thumbnail":false,"medium":false,"medium_large":false,"large":false,"1536x1536":false,"2048x2048":false,"hestia-blog":false},"uagb_author_info":{"display_name":"admin5406","author_link":"https:\/\/ventedebois66.fr\/?author=1"},"uagb_comment_info":0,"uagb_excerpt":"Bois \u00e0 finir de s\u00e9cher Livraison gratuite Minimum de livraison : 4 st\u00e8res Prix affich\u00e9s TTC Contr\u00f4le du volume des st\u00e8res disponible ici.","yoast_head":"<!-- This site is optimized with the Yoast SEO plugin v15.3 - https:\/\/yoast.com\/wordpress\/plugins\/seo\/ -->\n<title>Tarifs - E.A.R.L BASCOU<\/title>\n<meta name=\"robots\" content=\"index, follow, max-snippet:-1, max-image-preview:large, max-video-preview:-1\" \/>\n<link rel=\"canonical\" href=\"https:\/\/ventedebois66.fr\/?page_id=82\" \/>\n<meta property=\"og:locale\" content=\"fr_FR\" \/>\n<meta property=\"og:type\" content=\"article\" \/>\n<meta property=\"og:title\" content=\"Tarifs - E.A.R.L BASCOU\" \/>\n<meta property=\"og:description\" content=\"Bois \u00e0 finir de s\u00e9cher Livraison gratuite Minimum de livraison : 4 st\u00e8res Prix affich\u00e9s TTC Contr\u00f4le du volume des st\u00e8res disponible ici.\" \/>\n<meta property=\"og:url\" content=\"https:\/\/ventedebois66.fr\/?page_id=82\" \/>\n<meta property=\"og:site_name\" content=\"E.A.R.L BASCOU\" \/>\n<meta property=\"article:modified_time\" content=\"2026-03-29T10:48:00+00:00\" \/>\n<meta property=\"og:image\" content=\"https:\/\/ventedebois66.fr\/wp-content\/uploads\/2026\/03\/image.png\" \/>\n<meta name=\"twitter:card\" content=\"summary_large_image\" \/>\n<meta name=\"twitter:label1\" content=\"\u00c9crit par\">\n\t<meta name=\"twitter:data1\" content=\"admin5406\">\n\t<meta name=\"twitter:label2\" content=\"Dur\u00e9e de lecture est.\">\n\t<meta name=\"twitter:data2\" content=\"0 minute\">\n<script type=\"application\/ld+json\" class=\"yoast-schema-graph\">{\"@context\":\"https:\/\/schema.org\",\"@graph\":[{\"@type\":\"Organization\",\"@id\":\"https:\/\/ventedebois66.fr\/#organization\",\"name\":\"EARL Bacou\",\"url\":\"https:\/\/ventedebois66.fr\/\",\"sameAs\":[],\"logo\":{\"@type\":\"ImageObject\",\"@id\":\"https:\/\/ventedebois66.fr\/#logo\",\"inLanguage\":\"fr-FR\",\"url\":\"https:\/\/ventedebois66.fr\/wp-content\/uploads\/2020\/11\/logo-earl-icone.png\",\"width\":512,\"height\":512,\"caption\":\"EARL Bacou\"},\"image\":{\"@id\":\"https:\/\/ventedebois66.fr\/#logo\"}},{\"@type\":\"WebSite\",\"@id\":\"https:\/\/ventedebois66.fr\/#website\",\"url\":\"https:\/\/ventedebois66.fr\/\",\"name\":\"E.A.R.L BASCOU\",\"description\":\"\",\"publisher\":{\"@id\":\"https:\/\/ventedebois66.fr\/#organization\"},\"potentialAction\":[{\"@type\":\"SearchAction\",\"target\":\"https:\/\/ventedebois66.fr\/?s={search_term_string}\",\"query-input\":\"required name=search_term_string\"}],\"inLanguage\":\"fr-FR\"},{\"@type\":\"ImageObject\",\"@id\":\"https:\/\/ventedebois66.fr\/?page_id=82#primaryimage\",\"inLanguage\":\"fr-FR\",\"url\":\"https:\/\/ventedebois66.fr\/wp-content\/uploads\/2026\/03\/image.png\",\"width\":886,\"height\":297},{\"@type\":\"WebPage\",\"@id\":\"https:\/\/ventedebois66.fr\/?page_id=82#webpage\",\"url\":\"https:\/\/ventedebois66.fr\/?page_id=82\",\"name\":\"Tarifs - E.A.R.L BASCOU\",\"isPartOf\":{\"@id\":\"https:\/\/ventedebois66.fr\/#website\"},\"primaryImageOfPage\":{\"@id\":\"https:\/\/ventedebois66.fr\/?page_id=82#primaryimage\"},\"datePublished\":\"2020-11-08T10:50:09+00:00\",\"dateModified\":\"2026-03-29T10:48:00+00:00\",\"breadcrumb\":{\"@id\":\"https:\/\/ventedebois66.fr\/?page_id=82#breadcrumb\"},\"inLanguage\":\"fr-FR\",\"potentialAction\":[{\"@type\":\"ReadAction\",\"target\":[\"https:\/\/ventedebois66.fr\/?page_id=82\"]}]},{\"@type\":\"BreadcrumbList\",\"@id\":\"https:\/\/ventedebois66.fr\/?page_id=82#breadcrumb\",\"itemListElement\":[{\"@type\":\"ListItem\",\"position\":1,\"item\":{\"@type\":\"WebPage\",\"@id\":\"https:\/\/ventedebois66.fr\/\",\"url\":\"https:\/\/ventedebois66.fr\/\",\"name\":\"Accueil\"}},{\"@type\":\"ListItem\",\"position\":2,\"item\":{\"@type\":\"WebPage\",\"@id\":\"https:\/\/ventedebois66.fr\/?page_id=82\",\"url\":\"https:\/\/ventedebois66.fr\/?page_id=82\",\"name\":\"Tarifs\"}}]}]}<\/script>\n<!-- \/ Yoast SEO plugin. -->","_links":{"self":[{"href":"https:\/\/ventedebois66.fr\/index.php?rest_route=\/wp\/v2\/pages\/82","targetHints":{"allow":["GET"]}}],"collection":[{"href":"https:\/\/ventedebois66.fr\/index.php?rest_route=\/wp\/v2\/pages"}],"about":[{"href":"https:\/\/ventedebois66.fr\/index.php?rest_route=\/wp\/v2\/types\/page"}],"author":[{"embeddable":true,"href":"https:\/\/ventedebois66.fr\/index.php?rest_route=\/wp\/v2\/users\/1"}],"replies":[{"embeddable":true,"href":"https:\/\/ventedebois66.fr\/index.php?rest_route=%2Fwp%2Fv2%2Fcomments&post=82"}],"version-history":[{"count":21,"href":"https:\/\/ventedebois66.fr\/index.php?rest_route=\/wp\/v2\/pages\/82\/revisions"}],"predecessor-version":[{"id":222,"href":"https:\/\/ventedebois66.fr\/index.php?rest_route=\/wp\/v2\/pages\/82\/revisions\/222"}],"wp:attachment":[{"href":"https:\/\/ventedebois66.fr\/index.php?rest_route=%2Fwp%2Fv2%2Fmedia&parent=82"}],"curies":[{"name":"wp","href":"https:\/\/api.w.org\/{rel}","templated":true}]}}